{"id":893,"date":"2023-03-22T20:18:51","date_gmt":"2023-03-22T19:18:51","guid":{"rendered":"https:\/\/laigevers.com\/politica-de-cookies-ue\/"},"modified":"2023-05-03T17:03:20","modified_gmt":"2023-05-03T15:03:20","slug":"politica-de-cookies-ue","status":"publish","type":"page","link":"https:\/\/laigevers.com\/es\/politica-de-cookies-ue\/","title":{"rendered":"Pol\u00edtica de cookies (UE)"},"content":{"rendered":"<p>[et_pb_section fb_built=\u00bb1&#8243; _builder_version=\u00bb4.20.2&#8243; _module_preset=\u00bbdefault\u00bb global_colors_info=\u00bb{}\u00bb][et_pb_row _builder_version=\u00bb4.21.0&#8243; _module_preset=\u00bbdefault\u00bb global_colors_info=\u00bb{}\u00bb][et_pb_column type=\u00bb4_4&#8243; _builder_version=\u00bb4.21.0&#8243; _module_preset=\u00bbdefault\u00bb global_colors_info=\u00bb{}\u00bb][et_pb_text _builder_version=\u00bb4.21.0&#8243; _module_preset=\u00bbdefault\u00bb global_colors_info=\u00bb{}\u00bb]<\/p>\n<h1>POL\u00cdTICA DE COOKIES (EU)<\/h1>\n<p>[\/et_pb_text][\/et_pb_column][\/et_pb_row][et_pb_row _builder_version=\u00bb4.20.2&#8243; _module_preset=\u00bbdefault\u00bb global_colors_info=\u00bb{}\u00bb][et_pb_column type=\u00bb4_4&#8243; _builder_version=\u00bb4.20.2&#8243; _module_preset=\u00bbdefault\u00bb global_colors_info=\u00bb{}\u00bb][et_pb_text _builder_version=\u00bb4.20.2&#8243; _module_preset=\u00bbdefault\u00bb global_colors_info=\u00bb{}\u00bb]<\/p>\n<p><em>This Cookie Policy was last updated on 09\/04\/2022 and applies to citizens and legal permanent residents of the European Economic Area and Switzerland.<\/em><\/p>\n<h2>1. Introducci\u00f3n<\/h2>\n<p><span>Nuestro sitio web, <\/span><a href=\"https:\/\/gerardcardona.com\/ca\/\">https:\/\/laigevers.com\/<\/a><span> (de ahora en adelante \u201cel sitio web\u201d) utiliza galletas y otras tecnolog\u00edas relacionadas (por comodidad, todas las tecnolog\u00edas se denominan \u201cgalletas\u201d). Las galletas tambi\u00e9n son colocadas por terceros que hemos contratado. En el documento siguiente os informamos sobre el uso de las galletas a nuestro sitio web.<\/span><\/p>\n<h2>2. Qu\u00e9 son las cookies?<\/h2>\n<p>Una galleta es un fichero peque\u00f1o y sencillo que se env\u00eda junto con p\u00e1ginas de este sitio web y que vuestro navegador almacena al disco duro del ordenador u otro dispositivo. La informaci\u00f3n almacenada en \u00e9l se puede volver a nuestros servidores o a los servidores de los terceros correspondientes durante una visita posterior.<\/p>\n<h2>3. Qu\u00e9 son los scripts?<\/h2>\n<p>Un script es una pieza de c\u00f3digo de software que se utiliza para que nuestra web funcione correctamente e interactivamente. Este c\u00f3digo se ejecuta a nuestro servidor o a vuestro dispositivo.<\/p>\n<h2>4. Qu\u00e9 es un web beacon?<\/h2>\n<p>Una baliza web (o un hashtag de p\u00edxel) es una peque\u00f1a e invisible pieza de texto o imagen en un sitio web que se utiliza para controlar el tr\u00e1fico de un sitio web. Para hacerlo, se almacenan varios datos utilizando balizas web.<\/p>\n<h2>5. Galletas<\/h2>\n<p><strong>5.1 Galletas t\u00e9cnicas o funcionales<\/strong><\/p>\n<p>Algunas galletas aseguran que ciertas partes del sitio web funcionan correctamente y que las preferencias de los usuarios sigan siendo conocidas. Utilizando galletas funcionales, os facilitamos que visit\u00e1is nuestro sitio web. De este modo, no hace falta que introduzc\u00e1is repetidamente la misma informaci\u00f3n cuando visit\u00e1is nuestro sitio web y, por ejemplo, los elementos permanecen a la carretilla de la compra hasta que hay\u00e1is pagado. Podemos poner estas galletas sin vuestro consentimiento.<\/p>\n<p><strong>5.2 Cookies anal\u00edticas<\/strong><\/p>\n<p>Utilizamos cookies anal\u00edticas para optimizar la experiencia del sitio web para nuestros usuarios. Con estas cookies anal\u00edticas obtenemos informaci\u00f3n sobre el uso de nuestro sitio web. Pedimos vuestro permiso para colocar cookies anal\u00edticas.<\/p>\n<p><strong>5.3 Cookies de marketing\/rastreo<\/strong><\/p>\n<p>Las cookies de marketing o de rastreo son cookies o cualquier otra forma de almacenamiento local, utilizado para crear perfiles de usuario para mostrar anuncios o para rastrear el usuario en este sitio web o a trav\u00e9s otros sitios web para prop\u00f3sitos de marketing similares.<\/p>\n<p><strong>5.4 Social media<\/strong><\/p>\n<p>On our website, we have included content from Instagram to promote web pages (e.g. \u201clike\u201d, \u201cpin\u201d) or share (e.g. \u201ctweet\u201d) on social networks like Instagram. This content is embedded with code derived from Instagram and places cookies. This content might store and process certain information for personalized advertising.<\/p>\n<p>Leed, por favor, la pol\u00edtica de privacidad de estas redes sociales (que pueden cambiar regularmente) para entender qu\u00e9 hacen con vuestros datos personales procesados utilizando estas cookies. Los datos recuperados son anonimizadas el m\u00e1ximo posible. Instagram est\u00e1 ubicado en los Estados Unidos de Am\u00e9rica.<\/p>\n<h2>6. Galletas colocadas<\/h2>\n<p>No s\u00e9 com copiar aix\u00f2<\/p>\n<p>[\/et_pb_text][et_pb_text _builder_version=\u00bb4.20.2&#8243; _module_preset=\u00bbdefault\u00bb global_colors_info=\u00bb{}\u00bb]<\/p>\n<h2>7. Consentimiento<\/h2>\n<p>Cuando visit\u00e1is nuestro sitio web por primera vez, os mostraremos un mensaje emergente con una explicaci\u00f3n sobre las cookies. Tan pronto como hag\u00e1is clic en \u201cGuardar las preferencias\u201d, nos consent\u00eds a utilizar las categor\u00edas de cookies y extensiones que hab\u00e9is seleccionado al mensaje emergente, tal y como se describe en esta Pol\u00edtica de cookies. Pod\u00e9is desactivar el uso de cookies a trav\u00e9s de vuestro navegador, pero tened en cuenta que puede ser que nuestro sitio web ya no funcione correctamente.<\/p>\n<p><strong>7.1 Gestionad vuestras preferencias de consentimiento<\/strong><\/p>\n<p>[\/et_pb_text][et_pb_text _builder_version=\u00bb4.20.2&#8243; _module_preset=\u00bbdefault\u00bb global_colors_info=\u00bb{}\u00bb]<\/p>\n<h2>8. Activaci\u00f3n \/ desactivaci\u00f3n y eliminaci\u00f3n de galletas<\/h2>\n<p>Pod\u00e9is utilizar el navegador para borrar las cookies autom\u00e1ticamente o manualmente. Adem\u00e1s, pod\u00e9is especificar que determinadas cookies no sean colocadas. Otra opci\u00f3n es cambiar las preferencias de vuestro navegador para recibir un mensaje cada vez que una cookie sea colocada. Para mayor informaci\u00f3n, pod\u00e9is consultar las instrucciones en la Ayuda de vuestro navegador.<\/p>\n<p>Tened en cuenta que nuestro sitio web puede no funcionar correctamente si todas las galletas est\u00e1n desactivadas. Si suprim\u00eds las galletas del navegador, se crear\u00e1n de nuevas despu\u00e9s de vuestro consentimiento cuando volv\u00e9is a visitar nuestros sitios web.<\/p>\n<h2>9. Vuestros derechos respecto los datos personales<\/h2>\n<p>Ten\u00e9is los derechos siguientes respecto a vuestros datos personales:<\/p>\n<ul>\n<li>Ten\u00e9is derecho a saber por qu\u00e9 se necesitan vuestros datos personales, qu\u00e9 le pasar\u00e1 y cu\u00e1nto de tiempo se mantendr\u00e1.<\/li>\n<li>Derecho de acceso: ten\u00e9is derecho a acceder a vuestros datos personales que nos son conocidas.<\/li>\n<li>Derecho de rectificaci\u00f3n: ten\u00e9is derecho a completar, corregir, suprimir o bloquear vuestros datos personales siempre que lo dese\u00e1is.<\/li>\n<li>Si nos dais el consentimiento para procesar sus datos, ten\u00e9is el derecho de revocar este consentimiento y de suprimir vuestros datos personales.<\/li>\n<li>Derecho de transferir vuestros datos: ten\u00e9is el derecho de solicitar todos los datos personales del controlador y transferirlos en su totalidad a otro controlador.<\/li>\n<li>Derecho a la oposici\u00f3n: pod\u00e9is oponeros al procesamiento de vuestros datos. Cumplimos con esto, salvo que haya motivos justificados para el procesamiento.<\/li>\n<\/ul>\n<p>Para ejercer estos derechos, poneos en contacto con nosotros. Consult\u00e1is los datos de contacto a la parte inferior de esta Pol\u00edtica de cookies. Si ten\u00e9is una queja sobre c\u00f3mo gestionamos vuestros datos, nos gustar\u00eda escucharos, pero tambi\u00e9n ten\u00e9is el derecho de presentar una reclamaci\u00f3n a la autoridad de supervisi\u00f3n (la Agencia de Protecci\u00f3n de Datos).<\/p>\n<h2>10. Detalles de contacto<\/h2>\n<p>10. Detalles de contacto<\/p>\n<p>[\/et_pb_text][\/et_pb_column][\/et_pb_row][et_pb_row column_structure=\u00bb1_2,1_2&#8243; _builder_version=\u00bb4.21.0&#8243; _module_preset=\u00bbdefault\u00bb custom_margin=\u00bb31px||31px||false|false\u00bb locked=\u00bboff\u00bb global_colors_info=\u00bb{}\u00bb][et_pb_column type=\u00bb1_2&#8243; _builder_version=\u00bb4.21.0&#8243; _module_preset=\u00bbdefault\u00bb global_colors_info=\u00bb{}\u00bb][et_pb_text _builder_version=\u00bb4.21.0&#8243; _module_preset=\u00bbdefault\u00bb global_colors_info=\u00bb{}\u00bb]<\/p>\n<p><span class=\"cmplz-contact-organisation\">Laia Plana Mendoza<\/span><br \/><span class=\"cmplz-contact-address\">Cambrils \u2013 Tarragona<\/span><br \/><span class=\"cmplz-contact-country\">Espa\u00f1a<\/span><br \/>Sitio web:<span> <\/span><span class=\"cmplz-contact-domain\"><a href=\"https:\/\/gerardcardona.com\/ca\/\">https:\/\/laigevers.com<\/a><\/span><br \/>Correo electr\u00f3nico:<span> <\/span><span class=\"cmplz-contact-email\"><span class=\"cmplz-obfuscate\">laigevers@gmail.com<\/span><\/span><\/p>\n<p>[\/et_pb_text][\/et_pb_column][et_pb_column type=\u00bb1_2&#8243; _builder_version=\u00bb4.21.0&#8243; _module_preset=\u00bbdefault\u00bb global_colors_info=\u00bb{}\u00bb][et_pb_text _builder_version=\u00bb4.21.0&#8243; _module_preset=\u00bbdefault\u00bb global_colors_info=\u00bb{}\u00bb]<\/p>\n<p><span class=\"cmplz-contact-address\">Gerard Cardona Mu\u00f1oz<br \/><\/span><span class=\"cmplz-contact-address\">Tortosa \u2013 Tarragona<\/span><br \/><span class=\"cmplz-contact-country\">Espa\u00f1a<\/span><br \/>Sitio web:<span> <\/span><span class=\"cmplz-contact-domain\"><a href=\"https:\/\/gerardcardona.com\/ca\/\">https:\/\/laigevers.com<\/a><\/span><br \/>Correo electr\u00f3nico:<span> <\/span><span class=\"cmplz-contact-email\"><span class=\"cmplz-obfuscate\">laigevers@gmail.com<\/span><\/span><\/p>\n<p>[\/et_pb_text][\/et_pb_column][\/et_pb_row][et_pb_row _builder_version=\u00bb4.21.0&#8243; _module_preset=\u00bbdefault\u00bb custom_margin=\u00bb||31px||false|false\u00bb global_colors_info=\u00bb{}\u00bb][et_pb_column type=\u00bb4_4&#8243; _builder_version=\u00bb4.21.0&#8243; _module_preset=\u00bbdefault\u00bb global_colors_info=\u00bb{}\u00bb][et_pb_text _builder_version=\u00bb4.21.0&#8243; _module_preset=\u00bbdefault\u00bb global_colors_info=\u00bb{}\u00bb]<\/p>\n<p>This Cookie Policy was synchronized with<span> <\/span><a href=\"https:\/\/cookiedatabase.org\/\" target=\"_blank\" rel=\"noopener\">cookiedatabase.org<\/a><span> <\/span>on 01\/05\/2023.<\/p>\n<p>[\/et_pb_text][\/et_pb_column][\/et_pb_row][\/et_pb_section]<\/p>\n","protected":false},"excerpt":{"rendered":"<p>POL\u00cdTICA DE COOKIES (EU)This Cookie Policy was last updated on 09\/04\/2022 and applies to citizens and legal permanent residents of the European Economic Area and Switzerland. 1. Introducci\u00f3n Nuestro sitio web, https:\/\/laigevers.com\/ (de ahora en adelante \u201cel sitio web\u201d) utiliza galletas y otras tecnolog\u00edas relacionadas (por comodidad, todas las tecnolog\u00edas se denominan \u201cgalletas\u201d). Las galletas [&hellip;]<\/p>\n","protected":false},"author":1,"featured_media":0,"parent":0,"menu_order":0,"comment_status":"closed","ping_status":"closed","template":"","meta":{"_et_pb_use_builder":"on","_et_pb_old_content":"<p>[cmplz-document type=\"cookie-statement\" region=\"eu\"]<\/p>","_et_gb_content_width":"","footnotes":""},"class_list":["post-893","page","type-page","status-publish","hentry"],"_links":{"self":[{"href":"https:\/\/laigevers.com\/es\/wp-json\/wp\/v2\/pages\/893","targetHints":{"allow":["GET"]}}],"collection":[{"href":"https:\/\/laigevers.com\/es\/wp-json\/wp\/v2\/pages"}],"about":[{"href":"https:\/\/laigevers.com\/es\/wp-json\/wp\/v2\/types\/page"}],"author":[{"embeddable":true,"href":"https:\/\/laigevers.com\/es\/wp-json\/wp\/v2\/users\/1"}],"replies":[{"embeddable":true,"href":"https:\/\/laigevers.com\/es\/wp-json\/wp\/v2\/comments?post=893"}],"version-history":[{"count":7,"href":"https:\/\/laigevers.com\/es\/wp-json\/wp\/v2\/pages\/893\/revisions"}],"predecessor-version":[{"id":1001,"href":"https:\/\/laigevers.com\/es\/wp-json\/wp\/v2\/pages\/893\/revisions\/1001"}],"wp:attachment":[{"href":"https:\/\/laigevers.com\/es\/wp-json\/wp\/v2\/media?parent=893"}],"curies":[{"name":"wp","href":"https:\/\/api.w.org\/{rel}","templated":true}]}}