{"id":795,"date":"2023-03-22T20:14:16","date_gmt":"2023-03-22T19:14:16","guid":{"rendered":"https:\/\/laigevers.com\/home\/"},"modified":"2023-05-03T17:27:45","modified_gmt":"2023-05-03T15:27:45","slug":"home","status":"publish","type":"page","link":"https:\/\/laigevers.com\/es\/","title":{"rendered":"Home"},"content":{"rendered":"<p>[et_pb_section fb_built=\u00bb1&#8243; fullwidth=\u00bbon\u00bb admin_label=\u00bbHeader\u00bb _builder_version=\u00bb4.20.4&#8243; background_enable_color=\u00bboff\u00bb background_enable_image=\u00bboff\u00bb parallax=\u00bbon\u00bb custom_padding=\u00bb0px|0|0px|0px|false|false\u00bb global_colors_info=\u00bb{}\u00bb][et_pb_fullwidth_header text_orientation=\u00bbcenter\u00bb header_fullscreen=\u00bbon\u00bb header_scroll_down=\u00bbon\u00bb scroll_down_icon=\u00bb%%3%%\u00bb scroll_down_icon_size=\u00bb38px\u00bb header_image_url=\u00bbhttps:\/\/laigevers.com\/wp-content\/uploads\/2023\/04\/Logo_Laigevers.png\u00bb logo_image_url_tablet=\u00bb\u00bb logo_image_url_phone=\u00bb\u00bb logo_image_url_last_edited=\u00bbon|desktop\u00bb _builder_version=\u00bb4.21.0&#8243; _module_preset=\u00bbdefault\u00bb title_text_align=\u00bbcenter\u00bb title_font_size=\u00bb98px\u00bb content_line_height=\u00bb1.2em\u00bb background_enable_color=\u00bboff\u00bb background_image=\u00bbhttps:\/\/laigevers.com\/wp-content\/uploads\/2023\/05\/Valle-de-Hecho-2022-lgvrs_091.webp\u00bb parallax=\u00bbon\u00bb parallax_method=\u00bbon\u00bb module_alignment=\u00bbcenter\u00bb custom_margin=\u00bb0px|0px|0px|0px|false|false\u00bb custom_padding=\u00bb0px|0px|0px|0px|false|false\u00bb title_text_align_tablet=\u00bbcenter\u00bb title_text_align_phone=\u00bbcenter\u00bb title_text_align_last_edited=\u00bbon|phone\u00bb title_font_size_tablet=\u00bb98px\u00bb title_font_size_phone=\u00bb47px\u00bb title_font_size_last_edited=\u00bbon|phone\u00bb module_alignment_tablet=\u00bbcenter\u00bb module_alignment_phone=\u00bbcenter\u00bb module_alignment_last_edited=\u00bbon|desktop\u00bb title_text_shadow_style=\u00bbpreset1&#8243; global_colors_info=\u00bb{}\u00bb][\/et_pb_fullwidth_header][\/et_pb_section][et_pb_section fb_built=\u00bb1&#8243; admin_label=\u00bbTravel History\u00bb _builder_version=\u00bb4.16&#8243; background_color=\u00bbrgba(0,0,0,0)\u00bb custom_padding=\u00bb|||\u00bb global_colors_info=\u00bb{}\u00bb][et_pb_row column_structure=\u00bb1_5,3_5,1_5&#8243; _builder_version=\u00bb4.20.4&#8243; _module_preset=\u00bbdefault\u00bb global_colors_info=\u00bb{}\u00bb][et_pb_column type=\u00bb1_5&#8243; _builder_version=\u00bb4.20.4&#8243; _module_preset=\u00bbdefault\u00bb global_colors_info=\u00bb{}\u00bb][\/et_pb_column][et_pb_column type=\u00bb3_5&#8243; _builder_version=\u00bb4.20.4&#8243; _module_preset=\u00bbdefault\u00bb global_colors_info=\u00bb{}\u00bb][et_pb_text _builder_version=\u00bb4.20.4&#8243; _module_preset=\u00bbdefault\u00bb header_text_align=\u00bbcenter\u00bb custom_margin=\u00bb|0px|0px|0px|false|false\u00bb global_colors_info=\u00bb{}\u00bb]<\/p>\n<h1>Hola! \ud83d\udc4b\ud83c\udffb<\/h1>\n<p>[\/et_pb_text][et_pb_text _builder_version=\u00bb4.20.4&#8243; _module_preset=\u00bbdefault\u00bb global_colors_info=\u00bb{}\u00bb]<\/p>\n<p style=\"text-align: center;\">Somos <strong>Gerard<\/strong> y <strong>Laia<\/strong>, y estamos emocionados de presentaros nuestro proyecto. El a\u00f1o 2020, desde el comedor de casa (todos sabemos por qu\u00e9), decidimos empezar a compartir nuestras aventuras en las redes sociales; es as\u00ed como naci\u00f3 Laigevers.<\/p>\n<p style=\"text-align: center;\">Nos encanta salir de la rutina y vivir nuevas experiencias, y quer\u00edamos compartir esta pasi\u00f3n con todos vosotros. \ud83d\udc40 Aqu\u00ed podr\u00e9is encontrar historias sobre viajes y excursiones; nuestros mejores momentos y nuestros errores, para que pod\u00e1is aprender de nuestras experiencias.<\/p>\n<p style=\"text-align: center;\">Si disfrut\u00e1is de la vida al aire libre y de las peque\u00f1as y grandes escapadas, est\u00e1is en el blog correcto. \ud83c\udf32 Esperamos que disfrut\u00e9is leyendo el blog tanto como nosotros disfrutamos escribi\u00e9ndolo.<\/p>\n<p style=\"text-align: center;\"><strong>Nos acompa\u00f1\u00e1is?<\/strong><\/p>\n<p>[\/et_pb_text][et_pb_social_media_follow icon_color=\u00bb#8DC597&#8243; use_icon_font_size=\u00bbon\u00bb icon_font_size=\u00bb30px\u00bb _builder_version=\u00bb4.20.4&#8243; text_orientation=\u00bbcenter\u00bb background_layout=\u00bbdark\u00bb module_alignment=\u00bbright\u00bb min_height=\u00bb57px\u00bb custom_margin=\u00bb0px||0px||false|false\u00bb custom_margin_tablet=\u00bb\u00bb custom_margin_phone=\u00bb\u00bb custom_margin_last_edited=\u00bbon|desktop\u00bb custom_padding=\u00bb0px||0px||false|false\u00bb animation_style=\u00bbfade\u00bb border_radii=\u00bbon|0px|0px|0px|0px\u00bb locked=\u00bboff\u00bb global_colors_info=\u00bb{}\u00bb][et_pb_social_media_follow_network social_network=\u00bbinstagram\u00bb url=\u00bbhttps:\/\/www.instagram.com\/laigevers\/\u00bb icon_color=\u00bb#8DC597&#8243; use_icon_font_size=\u00bbon\u00bb icon_font_size=\u00bb25px\u00bb _builder_version=\u00bb4.20.4&#8243; background_color=\u00bbRGBA(255,255,255,0)\u00bb background_enable_color=\u00bbon\u00bb custom_margin=\u00bb|0px||0px|false|true\u00bb custom_padding=\u00bb10px|0px|10px|0px|true|true\u00bb border_width_all=\u00bb3px\u00bb border_color_all=\u00bbRGBA(255,255,255,0)\u00bb global_colors_info=\u00bb{}\u00bb follow_button=\u00bboff\u00bb url_new_window=\u00bbon\u00bb]instagram[\/et_pb_social_media_follow_network][et_pb_social_media_follow_network social_network=\u00bbpinterest\u00bb url=\u00bbhttps:\/\/www.pinterest.es\/laigevers\/\u00bb icon_color=\u00bb#8DC597&#8243; use_icon_font_size=\u00bbon\u00bb icon_font_size=\u00bb25px\u00bb _builder_version=\u00bb4.20.4&#8243; background_color=\u00bbRGBA(255,255,255,0)\u00bb background_enable_color=\u00bbon\u00bb custom_margin=\u00bb|0px||0px|false|true\u00bb custom_padding=\u00bb10px|0px|10px|0px|true|true\u00bb global_colors_info=\u00bb{}\u00bb follow_button=\u00bboff\u00bb url_new_window=\u00bbon\u00bb]pinterest[\/et_pb_social_media_follow_network][et_pb_social_media_follow_network social_network=\u00bbyoutube\u00bb url=\u00bbhttps:\/\/www.youtube.com\/@laigevers\u00bb use_icon_font_size=\u00bbon\u00bb icon_font_size=\u00bb26px\u00bb _builder_version=\u00bb4.20.4&#8243; background_color=\u00bbRGBA(255,255,255,0)\u00bb background_enable_color=\u00bbon\u00bb custom_padding=\u00bb10px|0px|10px|0px|true|true\u00bb global_colors_info=\u00bb{}\u00bb follow_button=\u00bboff\u00bb url_new_window=\u00bbon\u00bb]youtube[\/et_pb_social_media_follow_network][\/et_pb_social_media_follow][\/et_pb_column][et_pb_column type=\u00bb1_5&#8243; _builder_version=\u00bb4.20.4&#8243; _module_preset=\u00bbdefault\u00bb global_colors_info=\u00bb{}\u00bb][\/et_pb_column][\/et_pb_row][\/et_pb_section][et_pb_section fb_built=\u00bb1&#8243; admin_label=\u00bbUpcoming Trips\u00bb _builder_version=\u00bb4.20.4&#8243; custom_margin=\u00bb0px||0px||false|false\u00bb custom_padding=\u00bb2px|0px|54px|0px||\u00bb global_colors_info=\u00bb{}\u00bb][et_pb_row column_structure=\u00bb1_2,1_2&#8243; _builder_version=\u00bb4.20.4&#8243; _module_preset=\u00bbdefault\u00bb global_colors_info=\u00bb{}\u00bb][et_pb_column type=\u00bb1_2&#8243; _builder_version=\u00bb4.20.4&#8243; _module_preset=\u00bbdefault\u00bb global_colors_info=\u00bb{}\u00bb][et_pb_image src=\u00bbhttps:\/\/laigevers.com\/wp-content\/uploads\/2023\/05\/Valle-de-Hecho-2022-lgvrs_099.webp\u00bb title_text=\u00bbValle-de-Hecho-2022-lgvrs_099&#8243; url=\u00bbhttps:\/\/laigevers.com\/blog\/\u00bb _builder_version=\u00bb4.21.0&#8243; _module_preset=\u00bbdefault\u00bb custom_margin=\u00bb||-1px|||\u00bb global_colors_info=\u00bb{}\u00bb][\/et_pb_image][et_pb_cta title=\u00bbRutas\u00bb button_url=\u00bbhttps:\/\/laigevers.com\/es\/rutas\/\u00bb button_text=\u00bbDescubre nuestras rutas\u00bb _builder_version=\u00bb4.20.4&#8243; _module_preset=\u00bbdefault\u00bb header_text_align=\u00bbcenter\u00bb body_font=\u00bb|800|||||||\u00bb body_line_height=\u00bb1.3em\u00bb background_color=\u00bbRGBA(255,255,255,0)\u00bb custom_button=\u00bbon\u00bb button_text_size=\u00bb16px\u00bb button_text_color=\u00bb#FFFFFF\u00bb button_bg_color=\u00bb#8DC597&#8243; button_border_color=\u00bbRGBA(255,255,255,0)\u00bb button_font=\u00bb|800|||||||\u00bb button_icon=\u00bb&#x3d;||divi||400&#8243; button_icon_color=\u00bb#FFFFFF\u00bb button_alignment=\u00bbcenter\u00bb background_layout=\u00bblight\u00bb min_height=\u00bb100px\u00bb height=\u00bb220px\u00bb max_height=\u00bb505px\u00bb custom_margin=\u00bb0px||0px||false|false\u00bb custom_padding=\u00bb12px||||false|false\u00bb box_shadow_style=\u00bbpreset1&#8243; global_colors_info=\u00bb{}\u00bb]<\/p>\n<p>Nuestras rutas por Huesca y Catalu\u00f1a!<\/p>\n<p>[\/et_pb_cta][\/et_pb_column][et_pb_column type=\u00bb1_2&#8243; _builder_version=\u00bb4.20.4&#8243; _module_preset=\u00bbdefault\u00bb global_colors_info=\u00bb{}\u00bb][et_pb_image src=\u00bbhttps:\/\/laigevers.com\/wp-content\/uploads\/2023\/04\/Roma-Laigevers.jpg\u00bb title_text=\u00bbRoma-Laigevers\u00bb url=\u00bbhttps:\/\/laigevers.com\/es\/destinos\/\u00bb _builder_version=\u00bb4.20.4&#8243; _module_preset=\u00bbdefault\u00bb custom_margin=\u00bb||-1px|||\u00bb global_colors_info=\u00bb{}\u00bb][\/et_pb_image][et_pb_cta title=\u00bbDestinos\u00bb button_url=\u00bbhttps:\/\/laigevers.com\/es\/destinos\/\u00bb button_text=\u00bbNuestros destinos\u00bb _builder_version=\u00bb4.20.4&#8243; _module_preset=\u00bbdefault\u00bb header_text_align=\u00bbcenter\u00bb body_font=\u00bb|800|||||||\u00bb body_line_height=\u00bb1.3em\u00bb background_color=\u00bbRGBA(255,255,255,0)\u00bb custom_button=\u00bbon\u00bb button_text_size=\u00bb16px\u00bb button_text_color=\u00bb#FFFFFF\u00bb button_bg_color=\u00bb#8DC597&#8243; button_border_color=\u00bbRGBA(255,255,255,0)\u00bb button_font=\u00bb|800|||||||\u00bb button_icon=\u00bb&#x3d;||divi||400&#8243; button_icon_color=\u00bb#FFFFFF\u00bb background_layout=\u00bblight\u00bb min_height=\u00bb100px\u00bb height=\u00bb220px\u00bb max_height=\u00bb505px\u00bb custom_margin=\u00bb0px||0px||false|false\u00bb custom_padding=\u00bb12px||||false|false\u00bb box_shadow_style=\u00bbpreset1&#8243; global_colors_info=\u00bb{}\u00bb]<\/p>\n<p>Buscando ideas para la pr\u00f3xima escapada?<\/p>\n<p>[\/et_pb_cta][\/et_pb_column][\/et_pb_row][et_pb_row admin_label=\u00bbTitle Row\u00bb _builder_version=\u00bb4.16&#8243; custom_padding=\u00bb|||\u00bb global_colors_info=\u00bb{}\u00bb][et_pb_column type=\u00bb4_4&#8243; _builder_version=\u00bb4.16&#8243; custom_padding=\u00bb|||\u00bb global_colors_info=\u00bb{}\u00bb custom_padding__hover=\u00bb|||\u00bb][et_pb_divider show_divider=\u00bboff\u00bb _builder_version=\u00bb4.20.4&#8243; _module_preset=\u00bbdefault\u00bb width=\u00bb100%\u00bb max_width=\u00bb100%\u00bb min_height=\u00bb10px\u00bb height=\u00bb60px\u00bb max_height=\u00bb285px\u00bb global_colors_info=\u00bb{}\u00bb][\/et_pb_divider][\/et_pb_column][\/et_pb_row][et_pb_row _builder_version=\u00bb4.20.4&#8243; _module_preset=\u00bbdefault\u00bb global_colors_info=\u00bb{}\u00bb][et_pb_column type=\u00bb4_4&#8243; _builder_version=\u00bb4.20.4&#8243; _module_preset=\u00bbdefault\u00bb global_colors_info=\u00bb{}\u00bb][et_pb_text admin_label=\u00bbTitle &#038; Paragraph\u00bb _builder_version=\u00bb4.20.4&#8243; text_font=\u00bb||||||||\u00bb text_font_size=\u00bb17px\u00bb text_line_height=\u00bb2em\u00bb link_font=\u00bb||||||||\u00bb ul_font=\u00bb||||||||\u00bb ol_font=\u00bb||||||||\u00bb quote_font=\u00bb||||||||\u00bb header_font=\u00bb||||||||\u00bb header_text_align=\u00bbcenter\u00bb header_2_font=\u00bbNoto Serif|700|||||||\u00bb header_2_font_size=\u00bb44px\u00bb header_2_line_height=\u00bb1.5em\u00bb header_3_font=\u00bb||||||||\u00bb text_orientation=\u00bbcenter\u00bb max_width=\u00bb800px\u00bb module_alignment=\u00bbcenter\u00bb header_2_font_size_tablet=\u00bb\u00bb header_2_font_size_phone=\u00bb34px\u00bb header_2_font_size_last_edited=\u00bbon|phone\u00bb global_colors_info=\u00bb{}\u00bb]<\/p>\n<h1>\u00daltimas publicaciones<\/h1>\n<p>[\/et_pb_text][et_pb_post_slider posts_number=\u00bb5&#8243; include_categories=\u00bb19,12,11,20,17,16,13,21&#8243; more_text=\u00bbSaber m\u00e1s\u00bb use_manual_excerpt=\u00bboff\u00bb excerpt_length=\u00bb0&#8243; show_meta=\u00bboff\u00bb use_text_overlay=\u00bboff\u00bb arrows_custom_color=\u00bb#8DC597&#8243; dot_nav_custom_color=\u00bb#FFFFFF\u00bb _builder_version=\u00bb4.21.0&#8243; _module_preset=\u00bbdefault\u00bb background_enable_color=\u00bboff\u00bb global_colors_info=\u00bb{}\u00bb][\/et_pb_post_slider][\/et_pb_column][\/et_pb_row][\/et_pb_section][et_pb_section fb_built=\u00bb1&#8243; fullwidth=\u00bbon\u00bb _builder_version=\u00bb4.20.4&#8243; _module_preset=\u00bbdefault\u00bb global_colors_info=\u00bb{}\u00bb][\/et_pb_section]<\/p>\n","protected":false},"excerpt":{"rendered":"<p>Hola! \ud83d\udc4b\ud83c\udffbSomos Gerard y Laia, y estamos emocionados de presentaros nuestro proyecto. El a\u00f1o 2020, desde el comedor de casa (todos sabemos por qu\u00e9), decidimos empezar a compartir nuestras aventuras en las redes sociales; es as\u00ed como naci\u00f3 Laigevers. Nos encanta salir de la rutina y vivir nuevas experiencias, y quer\u00edamos compartir esta pasi\u00f3n con [&hellip;]<\/p>\n","protected":false},"author":1,"featured_media":0,"parent":0,"menu_order":0,"comment_status":"closed","ping_status":"closed","template":"","meta":{"_et_pb_use_builder":"on","_et_pb_old_content":"","_et_gb_content_width":"","footnotes":""},"class_list":["post-795","page","type-page","status-publish","hentry"],"_links":{"self":[{"href":"https:\/\/laigevers.com\/es\/wp-json\/wp\/v2\/pages\/795","targetHints":{"allow":["GET"]}}],"collection":[{"href":"https:\/\/laigevers.com\/es\/wp-json\/wp\/v2\/pages"}],"about":[{"href":"https:\/\/laigevers.com\/es\/wp-json\/wp\/v2\/types\/page"}],"author":[{"embeddable":true,"href":"https:\/\/laigevers.com\/es\/wp-json\/wp\/v2\/users\/1"}],"replies":[{"embeddable":true,"href":"https:\/\/laigevers.com\/es\/wp-json\/wp\/v2\/comments?post=795"}],"version-history":[{"count":14,"href":"https:\/\/laigevers.com\/es\/wp-json\/wp\/v2\/pages\/795\/revisions"}],"predecessor-version":[{"id":1047,"href":"https:\/\/laigevers.com\/es\/wp-json\/wp\/v2\/pages\/795\/revisions\/1047"}],"wp:attachment":[{"href":"https:\/\/laigevers.com\/es\/wp-json\/wp\/v2\/media?parent=795"}],"curies":[{"name":"wp","href":"https:\/\/api.w.org\/{rel}","templated":true}]}}